{"id":4,"date":"2014-01-15T14:42:59","date_gmt":"2014-01-15T12:42:59","guid":{"rendered":"http:\/\/wortwelt-gilching.de\/?page_id=4"},"modified":"2026-04-01T22:53:52","modified_gmt":"2026-04-01T20:53:52","slug":"wir-ueber-uns","status":"publish","type":"page","link":"https:\/\/wortwelt-gilching.de\/?page_id=4","title":{"rendered":"Wir \u00fcber uns"},"content":{"rendered":"\n<div class=\"wp-block-columns is-layout-flex wp-container-core-columns-is-layout-9d6595d7 wp-block-columns-is-layout-flex\">\n<div class=\"wp-block-column is-layout-flow wp-block-column-is-layout-flow\">\n<figure class=\"wp-block-image size-large\"><a href=\"http:\/\/wortwelt-gilching.de\/?page_id=31\"><img loading=\"lazy\" decoding=\"async\" width=\"1024\" height=\"929\" src=\"https:\/\/wortwelt-gilching.de\/wp-content\/uploads\/2023\/10\/bernadette-1024x929.jpg\" alt=\"\" class=\"wp-image-897\" srcset=\"https:\/\/wortwelt-gilching.de\/wp-content\/uploads\/2023\/10\/bernadette-1024x929.jpg 1024w, https:\/\/wortwelt-gilching.de\/wp-content\/uploads\/2023\/10\/bernadette-300x272.jpg 300w, https:\/\/wortwelt-gilching.de\/wp-content\/uploads\/2023\/10\/bernadette-768x697.jpg 768w, https:\/\/wortwelt-gilching.de\/wp-content\/uploads\/2023\/10\/bernadette-165x150.jpg 165w, https:\/\/wortwelt-gilching.de\/wp-content\/uploads\/2023\/10\/bernadette-150x136.jpg 150w, https:\/\/wortwelt-gilching.de\/wp-content\/uploads\/2023\/10\/bernadette.jpg 1512w\" sizes=\"auto, (max-width: 1024px) 100vw, 1024px\" \/><\/a><\/figure>\n\n\n\n<p><a title=\"Bernadette Hirschauer\" href=\"http:\/\/wortwelt-gilching.de\/?page_id=31\">Bernadette Hirschauer<\/a><br>Logop\u00e4din<br>Praxisinhaberin<\/p>\n<\/div>\n\n\n\n<div class=\"wp-block-column is-layout-flow wp-block-column-is-layout-flow\">\n<figure class=\"wp-block-image size-large\"><a href=\"http:\/\/wortwelt-gilching.de\/?page_id=826\"><img loading=\"lazy\" decoding=\"async\" width=\"853\" height=\"1024\" src=\"https:\/\/wortwelt-gilching.de\/wp-content\/uploads\/2023\/01\/foto-e1674818146247-853x1024.jpg\" alt=\"\" class=\"wp-image-864\" srcset=\"https:\/\/wortwelt-gilching.de\/wp-content\/uploads\/2023\/01\/foto-e1674818146247-853x1024.jpg 853w, https:\/\/wortwelt-gilching.de\/wp-content\/uploads\/2023\/01\/foto-e1674818146247-250x300.jpg 250w, https:\/\/wortwelt-gilching.de\/wp-content\/uploads\/2023\/01\/foto-e1674818146247-768x922.jpg 768w, https:\/\/wortwelt-gilching.de\/wp-content\/uploads\/2023\/01\/foto-e1674818146247-125x150.jpg 125w\" sizes=\"auto, (max-width: 853px) 100vw, 853px\" \/><\/a><\/figure>\n\n\n\n<p><a title=\"Gerda Kaufmann-Eckerle\" href=\"http:\/\/wortwelt-gilching.de\/?page_id=826\">Isabelle Wiesler<\/a><br>Logop\u00e4din<\/p>\n<\/div>\n\n\n\n<div class=\"wp-block-column is-layout-flow wp-block-column-is-layout-flow\">\n<figure class=\"wp-block-image size-large\"><a href=\"https:\/\/wortwelt-gilching.de\/?page_id=915\"><img loading=\"lazy\" decoding=\"async\" width=\"768\" height=\"1024\" src=\"https:\/\/wortwelt-gilching.de\/wp-content\/uploads\/2024\/04\/Lukas-G-768x1024.jpeg\" alt=\"\" class=\"wp-image-926\" srcset=\"https:\/\/wortwelt-gilching.de\/wp-content\/uploads\/2024\/04\/Lukas-G-768x1024.jpeg 768w, https:\/\/wortwelt-gilching.de\/wp-content\/uploads\/2024\/04\/Lukas-G-225x300.jpeg 225w, https:\/\/wortwelt-gilching.de\/wp-content\/uploads\/2024\/04\/Lukas-G-1152x1536.jpeg 1152w, https:\/\/wortwelt-gilching.de\/wp-content\/uploads\/2024\/04\/Lukas-G-1536x2048.jpeg 1536w, https:\/\/wortwelt-gilching.de\/wp-content\/uploads\/2024\/04\/Lukas-G-113x150.jpeg 113w, https:\/\/wortwelt-gilching.de\/wp-content\/uploads\/2024\/04\/Lukas-G-scaled.jpeg 1920w\" sizes=\"auto, (max-width: 768px) 100vw, 768px\" \/><\/a><\/figure>\n\n\n\n<p><a href=\"https:\/\/wortwelt-gilching.de\/?page_id=915\" data-type=\"page\" data-id=\"915\">Lukas Gelczowski<\/a> <br>Logop\u00e4de<\/p>\n<\/div>\n<\/div>\n\n\n\n<p><\/p>\n","protected":false},"excerpt":{"rendered":"<p>Bernadette HirschauerLogop\u00e4dinPraxisinhaberin Isabelle WieslerLogop\u00e4din Lukas Gelczowski Logop\u00e4de<\/p>\n","protected":false},"author":1,"featured_media":0,"parent":0,"menu_order":0,"comment_status":"closed","ping_status":"closed","template":"","meta":{"footnotes":""},"class_list":["post-4","page","type-page","status-publish","hentry"],"_links":{"self":[{"href":"https:\/\/wortwelt-gilching.de\/index.php?rest_route=\/wp\/v2\/pages\/4","targetHints":{"allow":["GET"]}}],"collection":[{"href":"https:\/\/wortwelt-gilching.de\/index.php?rest_route=\/wp\/v2\/pages"}],"about":[{"href":"https:\/\/wortwelt-gilching.de\/index.php?rest_route=\/wp\/v2\/types\/page"}],"author":[{"embeddable":true,"href":"https:\/\/wortwelt-gilching.de\/index.php?rest_route=\/wp\/v2\/users\/1"}],"replies":[{"embeddable":true,"href":"https:\/\/wortwelt-gilching.de\/index.php?rest_route=%2Fwp%2Fv2%2Fcomments&post=4"}],"version-history":[{"count":78,"href":"https:\/\/wortwelt-gilching.de\/index.php?rest_route=\/wp\/v2\/pages\/4\/revisions"}],"predecessor-version":[{"id":1012,"href":"https:\/\/wortwelt-gilching.de\/index.php?rest_route=\/wp\/v2\/pages\/4\/revisions\/1012"}],"wp:attachment":[{"href":"https:\/\/wortwelt-gilching.de\/index.php?rest_route=%2Fwp%2Fv2%2Fmedia&parent=4"}],"curies":[{"name":"wp","href":"https:\/\/api.w.org\/{rel}","templated":true}]}}