{"id":10,"date":"2014-01-15T14:44:01","date_gmt":"2014-01-15T12:44:01","guid":{"rendered":"http:\/\/wortwelt-gilching.de\/?page_id=10"},"modified":"2026-04-02T00:11:07","modified_gmt":"2026-04-01T22:11:07","slug":"links","status":"publish","type":"page","link":"https:\/\/wortwelt-gilching.de\/?page_id=10","title":{"rendered":"Links"},"content":{"rendered":"\n<p>Weiterf\u00fchrende Links:<\/p>\n\n\n\n<p><a href=\"http:\/\/www.dbl-ev.de%20\" target=\"_blank\" rel=\"noopener\">www.dbl-ev.de&nbsp;<\/a>&nbsp;&nbsp;&nbsp;&nbsp;&nbsp;&nbsp;&nbsp;&nbsp;&nbsp; Deutscher Bundesverband der Logop\u00e4den e.V.<\/p>\n\n\n\n<p><a href=\"http:\/\/www.dbs-ev.de\" target=\"_blank\" rel=\"noopener\">www.dbs-ev.de<\/a>&nbsp;&nbsp;&nbsp;&nbsp;&nbsp;&nbsp;&nbsp;&nbsp;&nbsp; Deutscher Bundesverband der akademischen Sprachtherapeuten e.V.<\/p>\n\n\n\n<p><a href=\"http:\/\/www.bvss.de\" target=\"_blank\" rel=\"noopener\">www.bvss.de<\/a>&nbsp;&nbsp;&nbsp;&nbsp;&nbsp;&nbsp;&nbsp;&nbsp;&nbsp;&nbsp;&nbsp;&nbsp; Bundesvereinigung Stottern &amp; Selbsthilfe e.V.<\/p>\n\n\n\n<p><a href=\"http:\/\/www.speechcare.de\" target=\"_blank\" rel=\"noopener\">www.speechcare.de<\/a>&nbsp;&nbsp;&nbsp;&nbsp; Kostenpflichtige Apps f\u00fcr sprachtherapeutische \u00dcbungen<\/p>\n\n\n\n<p><a href=\"http:\/\/www.sprich-mit-mir.org\" target=\"_blank\" rel=\"noopener\">www.sprich-mit-mir.org<\/a>&nbsp;&nbsp;&nbsp;&nbsp;&nbsp; Informationen zur Sprachentwicklung und Sprachf\u00f6rderung (auch in russischer und t\u00fcrkischer Sprache)<\/p>\n\n\n\n<p><a href=\"https:\/\/www.kbv.de\/html\/heilmittel.php#content49673\">https:\/\/www.kbv.de\/html\/heilmittel.php#content49673<\/a><\/p>\n\n\n\n<p>&nbsp;<\/p>\n\n\n\n<p><span style=\"text-decoration: underline;\">Haftungsausschluss<\/span><br>Trotz sorgf\u00e4ltiger Pr\u00fcfung \u00fcbernehmen wir keine Haftung f\u00fcr die Inhalte externer Links. F\u00fcr den Inhalt diese Seiten sind ausschlie\u00dflich deren Betreiber verantwortlich.<\/p>\n","protected":false},"excerpt":{"rendered":"<p>Weiterf\u00fchrende Links: www.dbl-ev.de&nbsp;&nbsp;&nbsp;&nbsp;&nbsp;&nbsp;&nbsp;&nbsp;&nbsp;&nbsp; Deutscher Bundesverband der Logop\u00e4den e.V. www.dbs-ev.de&nbsp;&nbsp;&nbsp;&nbsp;&nbsp;&nbsp;&nbsp;&nbsp;&nbsp; Deutscher Bundesverband der akademischen Sprachtherapeuten e.V. www.bvss.de&nbsp;&nbsp;&nbsp;&nbsp;&nbsp;&nbsp;&nbsp;&nbsp;&nbsp;&nbsp;&nbsp;&nbsp; Bundesvereinigung Stottern &amp; Selbsthilfe e.V. www.speechcare.de&nbsp;&nbsp;&nbsp;&nbsp; Kostenpflichtige Apps f\u00fcr sprachtherapeutische \u00dcbungen www.sprich-mit-mir.org&nbsp;&nbsp;&nbsp;&nbsp;&nbsp; Informationen zur Sprachentwicklung und Sprachf\u00f6rderung (auch in russischer und t\u00fcrkischer Sprache) https:\/\/www.kbv.de\/html\/heilmittel.php#content49673 &nbsp; HaftungsausschlussTrotz sorgf\u00e4ltiger Pr\u00fcfung \u00fcbernehmen wir keine Haftung f\u00fcr die Inhalte externer Links. F\u00fcr den &hellip; <a href=\"https:\/\/wortwelt-gilching.de\/?page_id=10\" class=\"more-link\"><span class=\"screen-reader-text\">Links<\/span> weiterlesen <span class=\"meta-nav\">&rarr;<\/span><\/a><\/p>\n","protected":false},"author":1,"featured_media":0,"parent":0,"menu_order":0,"comment_status":"closed","ping_status":"closed","template":"","meta":{"footnotes":""},"class_list":["post-10","page","type-page","status-publish","hentry"],"_links":{"self":[{"href":"https:\/\/wortwelt-gilching.de\/index.php?rest_route=\/wp\/v2\/pages\/10","targetHints":{"allow":["GET"]}}],"collection":[{"href":"https:\/\/wortwelt-gilching.de\/index.php?rest_route=\/wp\/v2\/pages"}],"about":[{"href":"https:\/\/wortwelt-gilching.de\/index.php?rest_route=\/wp\/v2\/types\/page"}],"author":[{"embeddable":true,"href":"https:\/\/wortwelt-gilching.de\/index.php?rest_route=\/wp\/v2\/users\/1"}],"replies":[{"embeddable":true,"href":"https:\/\/wortwelt-gilching.de\/index.php?rest_route=%2Fwp%2Fv2%2Fcomments&post=10"}],"version-history":[{"count":10,"href":"https:\/\/wortwelt-gilching.de\/index.php?rest_route=\/wp\/v2\/pages\/10\/revisions"}],"predecessor-version":[{"id":1069,"href":"https:\/\/wortwelt-gilching.de\/index.php?rest_route=\/wp\/v2\/pages\/10\/revisions\/1069"}],"wp:attachment":[{"href":"https:\/\/wortwelt-gilching.de\/index.php?rest_route=%2Fwp%2Fv2%2Fmedia&parent=10"}],"curies":[{"name":"wp","href":"https:\/\/api.w.org\/{rel}","templated":true}]}}